{"id":5146,"date":"2025-05-15T00:15:49","date_gmt":"2025-05-15T00:15:49","guid":{"rendered":"https:\/\/traivenovosite.wpenginepowered.com\/?page_id=5146"},"modified":"2025-07-28T18:23:42","modified_gmt":"2025-07-28T18:23:42","slug":"termos-de-teste-gratuitos","status":"publish","type":"page","link":"https:\/\/traive.com.br\/en\/termos-de-teste-gratuitos\/","title":{"rendered":"Termos de teste gratuitos"},"content":{"rendered":"<div data-elementor-type=\"wp-page\" data-elementor-id=\"5146\" class=\"elementor elementor-5146\" data-elementor-post-type=\"page\">\n\t\t\t\t<div class=\"elementor-element elementor-element-369cbf8 e-flex e-con-boxed e-con e-parent\" data-id=\"369cbf8\" data-element_type=\"container\" data-settings=\"{&quot;background_background&quot;:&quot;classic&quot;}\">\n\t\t\t\t\t<div class=\"e-con-inner\">\n\t\t<div class=\"elementor-element elementor-element-4dfa0f3 e-con-full e-flex e-con e-child\" data-id=\"4dfa0f3\" data-element_type=\"container\">\n\t\t\t\t<div class=\"elementor-element elementor-element-cebd7ee elementor-widget elementor-widget-shortcode\" data-id=\"cebd7ee\" data-element_type=\"widget\" data-widget_type=\"shortcode.default\">\n\t\t\t\t<div class=\"elementor-widget-container\">\n\t\t\t\t\t\t\t<div class=\"elementor-shortcode\"><a href=\"javascript:history.back();\" class=\"traive-back-link\"><svg xmlns=\"http:\/\/www.w3.org\/2000\/svg\" width=\"20\" height=\"20\" viewbox=\"0 0 24 24\" fill=\"none\" stroke=\"currentColor\" stroke-width=\"2\" stroke-linecap=\"round\" stroke-linejoin=\"round\"><path d=\"M15 18l-6-6 6-6\"\/><\/svg><span>To go back<\/span><\/a><style>\n\n        .traive-back-link {\n\n            display: inline-flex;\n\n            align-items: center;\n\n            text-decoration: none;\n\n            color: #122744;\n\n            font-size: 16px;\n\n        }\n\n        .traive-back-link svg {\n\n            margin-right: 12px; \/* Espa\u00e7amento maior entre o \u00edcone e o texto *\/\n\n            stroke: #122744; \/* Garantir que a cor do SVG seja a mesma *\/\n\n            width: 30px;\n\n            height: 30px;\n\n        }\n\n        .traive-back-link span {\n\n            font-weight: 500;\n\n            font-size: 17px;\n\n        }\n\n    <\/style><\/div>\n\t\t\t\t\t\t<\/div>\n\t\t\t\t<\/div>\n\t\t\t\t<\/div>\n\t\t<div class=\"elementor-element elementor-element-2cf22a3 e-con-full e-flex e-con e-child\" data-id=\"2cf22a3\" data-element_type=\"container\">\n\t\t\t\t<div class=\"elementor-element elementor-element-76263c1 elementor-widget elementor-widget-heading\" data-id=\"76263c1\" data-element_type=\"widget\" data-widget_type=\"heading.default\">\n\t\t\t\t<div class=\"elementor-widget-container\">\n\t\t\t\t\t<h1 class=\"elementor-heading-title elementor-size-default\">Termos de teste gratuitos<\/h1>\t\t\t\t<\/div>\n\t\t\t\t<\/div>\n\t\t\t\t<div class=\"elementor-element elementor-element-265785a elementor-hidden-desktop elementor-hidden-tablet elementor-hidden-mobile elementor-widget elementor-widget-text-editor\" data-id=\"265785a\" data-element_type=\"widget\" data-widget_type=\"text-editor.default\">\n\t\t\t\t<div class=\"elementor-widget-container\">\n\t\t\t\t\t\t\t\t\t<p>\u00daltima atualiza\u00e7\u00e3o: Novembro de 2025<\/p>\t\t\t\t\t\t\t\t<\/div>\n\t\t\t\t<\/div>\n\t\t\t\t<\/div>\n\t\t\t\t\t<\/div>\n\t\t\t\t<\/div>\n\t\t<div class=\"elementor-element elementor-element-9f980d1 e-flex e-con-boxed e-con e-parent\" data-id=\"9f980d1\" data-element_type=\"container\">\n\t\t\t\t\t<div class=\"e-con-inner\">\n\t\t<div class=\"elementor-element elementor-element-f043b18 e-con-full e-flex e-con e-child\" data-id=\"f043b18\" data-element_type=\"container\" data-settings=\"{&quot;sticky&quot;:&quot;top&quot;,&quot;sticky_parent&quot;:&quot;yes&quot;,&quot;sticky_on&quot;:[&quot;desktop&quot;,&quot;tablet&quot;,&quot;mobile&quot;],&quot;sticky_offset&quot;:0,&quot;sticky_effects_offset&quot;:0,&quot;sticky_anchor_link_offset&quot;:0}\">\n\t\t\t\t<div class=\"elementor-element elementor-element-ee61be9 elementor-widget elementor-widget-shortcode\" data-id=\"ee61be9\" data-element_type=\"widget\" data-widget_type=\"shortcode.default\">\n\t\t\t\t<div class=\"elementor-widget-container\">\n\t\t\t\t\t\t\t<div class=\"elementor-shortcode\">\t\t<div data-elementor-type=\"section\" data-elementor-id=\"5118\" class=\"elementor elementor-5118\" data-elementor-post-type=\"elementor_library\">\n\t\t\t<div class=\"elementor-element elementor-element-6719bf1 e-con-full e-flex e-con e-parent\" data-id=\"6719bf1\" data-element_type=\"container\">\n\t\t\t\t<div class=\"elementor-element elementor-element-2ccba2b elementor-widget elementor-widget-ucaddon_traive_menu_sidebar\" data-id=\"2ccba2b\" data-element_type=\"widget\" data-widget_type=\"ucaddon_traive_menu_sidebar.default\">\n\t\t\t\t<div class=\"elementor-widget-container\">\n\t\t\t\t\t\n<!-- start Traive Menu Sidebar -->\n<style>\/* widget: Traive Menu Sidebar *\/\n\n.sidebar-politica {\n  padding: 0 20px;\n  background-color: #fff;\n}\n\n.politica-menu {\n  list-style: none;\n  padding: 0;\n  margin: 0;\n}\n\n.politica-menu .menu-item {\n  margin-bottom: 15px;\n}\n\n.politica-menu .menu-item:last-child {\n  margin-bottom: 0;\n}\n\n.politica-menu .menu-item a {\n  display: flex;\n  align-items: center;\n  text-decoration: none;\n  color: #98A2B3; \/* Cor para itens inativos *\/\n  font-size: 16px;\n  transition: all 0.3s ease;\n  line-height: 150%;\n  font-weight: 400;\n  font-family: Roboto;\n  padding: 5px 0;\n}\n\n.politica-menu .menu-item.active a {\n  color: #122744; \/* Cor para item ativo *\/\n  font-weight: 500;\n}\n\n.politica-menu .menu-item .menu-icon {\n  margin-right: 10px;\n  width: 20px;\n  height: 20px;\n  transition: all 0.3s ease;\n  \/* Filtro para aplicar a cor nos \u00edcones SVG *\/\n  filter: invert(65%) sepia(11%) saturate(361%) hue-rotate(179deg) brightness(96%) contrast(87%);\n}\n\n.politica-menu .menu-item.active .menu-icon {\n  \/* Filtro para cor azul (#6E9BE2) quando ativo *\/\n  filter: invert(57%) sepia(16%) saturate(1230%) hue-rotate(187deg) brightness(92%) contrast(87%);\n}\n\n.politica-menu .menu-item:hover a {\n  color: #122744; \/* Cor do texto no hover *\/\n}\n\n.politica-menu .menu-item:hover .menu-icon {\n  \/* Filtro para cor azul (#6E9BE2) no hover *\/\n  filter: invert(57%) sepia(16%) saturate(1230%) hue-rotate(187deg) brightness(92%) contrast(87%);\n}\n\n<\/style>\n\n<div class=\"sidebar-politica\">\n  <ul class=\"politica-menu\">\n\t<li class=\"menu-item\">\n  <a href=\"\/en\/politica-de-privacidade\/\">\n    <img decoding=\"async\" src=\"https:\/\/traivenovosite.wpenginepowered.com\/wp-content\/uploads\/2025\/05\/politica-privacidade.svg\" alt=\"Politica de privacidade\" class=\"menu-icon\">\n    <span>Privacy Policy<\/span>\n  <\/a>\n<\/li>\n<li class=\"menu-item\">\n  <a href=\"\/en\/codigo-de-conduta-do-fornecedor-cliente\/\">\n    <img decoding=\"async\" src=\"https:\/\/traivenovosite.wpenginepowered.com\/wp-content\/uploads\/2025\/05\/codigo-conduta.svg\" alt=\"C\u00f3digo de conduta\" class=\"menu-icon\">\n    <span>Code of Conduct<\/span>\n  <\/a>\n<\/li>\n<li class=\"menu-item\">\n  <a href=\"\/en\/termos-de-teste-gratuitos\/\">\n    <img decoding=\"async\" src=\"https:\/\/traivenovosite.wpenginepowered.com\/wp-content\/uploads\/2025\/05\/termos-teste.svg\" alt=\"Termos de teste\" class=\"menu-icon\">\n    <span>Test Terms<\/span>\n  <\/a>\n<\/li>\n<li class=\"menu-item\">\n  <a href=\"\/en\/termos-e-condicoes-de-uso\/\">\n    <img decoding=\"async\" src=\"https:\/\/traivenovosite.wpenginepowered.com\/wp-content\/uploads\/2025\/05\/termos-condicoes.svg\" alt=\"Termos e Condi\u00e7\u00f5es\" class=\"menu-icon\">\n    <span>Terms and Conditions<\/span>\n  <\/a>\n<\/li>\n\n  <\/ul>\n<\/div>\n<!-- end Traive Menu Sidebar -->\t\t\t\t<\/div>\n\t\t\t\t<\/div>\n\t\t\t\t<\/div>\n\t\t\t\t<\/div>\n\t\t<\/div>\n\t\t\t\t\t\t<\/div>\n\t\t\t\t<\/div>\n\t\t\t\t<\/div>\n\t\t<div class=\"elementor-element elementor-element-626da21 e-con-full e-flex e-con e-child\" data-id=\"626da21\" data-element_type=\"container\">\n\t\t\t\t<div class=\"elementor-element elementor-element-84df647 elementor-widget elementor-widget-text-editor\" data-id=\"84df647\" data-element_type=\"widget\" data-widget_type=\"text-editor.default\">\n\t\t\t\t<div class=\"elementor-widget-container\">\n\t\t\t\t\t\t\t\t\t<h2><strong>Anexo 1<\/strong><\/h2>\t\t\t\t\t\t\t\t<\/div>\n\t\t\t\t<\/div>\n\t\t\t\t<div class=\"elementor-element elementor-element-ffd47b9 elementor-widget elementor-widget-text-editor\" data-id=\"ffd47b9\" data-element_type=\"widget\" data-widget_type=\"text-editor.default\">\n\t\t\t\t<div class=\"elementor-widget-container\">\n\t\t\t\t\t\t\t\t\t<p><span style=\"font-weight: 400;\">O Anexo em quest\u00e3o \u00e9 parte integral e complementa o item 11. dos \u201cTermos e Condi\u00e7\u00f5es\u201d decorrentes do acesso e uso de QUALQUER SOFTWARE COMO SERVI\u00c7O (\u201cServi\u00e7os SaaS\u201d) e que seja disponibilizado por ou em nome da TRAIVE DO BRASIL SOLU\u00c7\u00d5ES FINANCEIRAS LTDA. \u2013 CNPJ\/MF n\u00ba 35.192.878\/0001-50 (\u201cTraive\u201d), durante um per\u00edodo de Teste Gratuito.<\/span><\/p>\t\t\t\t\t\t\t\t<\/div>\n\t\t\t\t<\/div>\n\t\t\t\t<div class=\"elementor-element elementor-element-8702159 elementor-widget elementor-widget-text-editor\" data-id=\"8702159\" data-element_type=\"widget\" data-widget_type=\"text-editor.default\">\n\t\t\t\t<div class=\"elementor-widget-container\">\n\t\t\t\t\t\t\t\t\t<ul><li><strong>Direitos de Propriedade da Traive.<br \/><\/strong>Nossas marcas registradas n\u00e3o podem ser usadas em conex\u00e3o com qualquer produto ou servi\u00e7o sem o consentimento pr\u00e9vio e por escrito da Traive. Todos e quaisquer dados e\/ou informa\u00e7\u00f5es inseridos e armazenados pelo Interessado em qualquer sistema da Traive sob estes Termos e Condi\u00e7\u00f5es, bem como quaisquer relat\u00f3rios, fluxos de modelo de neg\u00f3cios e designs de relat\u00f3rios criados pelo Interessado usando a funcionalidade padr\u00e3o incorporada nos Servi\u00e7os SaaS durante o Teste Gratuito, ser\u00e3o permanentemente perdidos ap\u00f3s o t\u00e9rmino do Teste Gratuito, a menos que o Interessado compre um Servi\u00e7o SaaS ou exporte tais dados antes do final do per\u00edodo experimental, de acordo com estes Termos e Condi\u00e7\u00f5es. N\u00e3o obstante, em qualquer caso, a Traive reserva-se o direito de manter esses dados como est\u00e3o ou em formato anonimizado, e us\u00e1-los para quaisquer fins l\u00edcitos relacionados \u00e0s suas atividades, incluindo para fins de desenvolvimento e marketing de produtos, de obten\u00e7\u00e3o de m\u00e9tricas, sistemas de aprendizado e estat\u00edsticos. O Interessado concede \u00e0 Traive todos os direitos, t\u00edtulos e interesses sobre qualquer Feedback que venha a fornecer acerca dos Servi\u00e7os SaaS. Se, por qualquer motivo, tal cess\u00e3o for ineficaz, o Interessado concorda em conceder \u00e0 Traive um direito e uma licen\u00e7a n\u00e3o exclusivos, perp\u00e9tuos, irrevog\u00e1veis, livre de royalties e de abrang\u00eancia mundial para usar, reproduzir, divulgar, sublicenciar, distribuir, modificar e explorar tal Feedback sem restri\u00e7\u00e3o.<\/li><\/ul>\t\t\t\t\t\t\t\t<\/div>\n\t\t\t\t<\/div>\n\t\t\t\t<div class=\"elementor-element elementor-element-b51dee0 elementor-widget elementor-widget-text-editor\" data-id=\"b51dee0\" data-element_type=\"widget\" data-widget_type=\"text-editor.default\">\n\t\t\t\t<div class=\"elementor-widget-container\">\n\t\t\t\t\t\t\t\t\t<ul><li><strong>Confidencialidade<br \/><\/strong>a) O Interessado concorda que as Informa\u00e7\u00f5es Confidenciais n\u00e3o incluem apenas aquelas informa\u00e7\u00f5es que a respectiva Parte Receptora possa comprovar: (i) ser de dom\u00ednio p\u00fablico anteriormente ao seu recebimento; (ii) que se tornaram p\u00fablica ap\u00f3s o seu recebimento da Parte Divulgadora, desde que isto n\u00e3o tenha decorrido de uma conduta da Parte Receptora ou tenha implicado viola\u00e7\u00e3o destes Termos e Condi\u00e7\u00f5es; (iii) que estavam dispon\u00edveis \u00e0 Parte Receptora, ou em seu poder, antes da data em que a informa\u00e7\u00e3o foi por ela recebida da Parte Divulgadora; ou (iv) que tenham sido desenvolvidas de modo independente pela Parte Receptora por meios l\u00edcitos, sem qualquer viola\u00e7\u00e3o a quaisquer disposi\u00e7\u00f5es destes Termos e Condi\u00e7\u00f5es;<br \/><br \/>b) O eventual fornecimento de Informa\u00e7\u00f5es Confidenciais pela Parte Divulgadora \u00e0 Parte Receptora no \u00e2mbito do Teste Gratuito n\u00e3o implica seu licenciamento, transmiss\u00e3o, transfer\u00eancia, cess\u00e3o de direito e\/ou autoriza\u00e7\u00e3o de uso sobre quaisquer segredos de com\u00e9rcio e ind\u00fastria, marcas, patentes e\/ou direitos relativos \u00e0 propriedade industrial;<br \/><br \/>c) A Parte Receptora se compromete a n\u00e3o divulgar nem fornecer quaisquer Informa\u00e7\u00f5es Confidenciais que lhe venham ser prestadas pela Parte Divulgadora, objetivando evitar, sob qualquer forma, a eventual exposi\u00e7\u00e3o dos neg\u00f3cios conduzidos pela Parte Divulgadora, bem como quaisquer preju\u00edzos, perdas ou danos resultantes de tal exposi\u00e7\u00e3o;<br \/><br \/>d) A Parte Receptora assegurar-se-\u00e1 que as Informa\u00e7\u00f5es Confidenciais n\u00e3o ser\u00e3o copiadas nem reproduzidas de forma alguma, ressalvados os casos de comprovada necessidade de utiliza\u00e7\u00e3o dessas c\u00f3pias, ou de sua reprodu\u00e7\u00e3o, para fins do Teste Gratuito;<br \/><br \/>e) As obriga\u00e7\u00f5es de confidencialidade aqui tratadas perdurar\u00e3o pelo prazo do Teste Gratuito e por mais 12 (doze) meses contados da data de seu efetivo t\u00e9rmino; e<br \/><br \/>f) Sem preju\u00edzo de a Parte Divulgadora encerrar imediatamente o Teste Gratuito, caso a Parte Receptora viole qualquer obriga\u00e7\u00e3o de confidencialidade aqui prevista, ela responder\u00e1 ilimitadamente perante a Parte Divulgadora pelas perdas e danos a que der causa.<\/li><\/ul>\t\t\t\t\t\t\t\t<\/div>\n\t\t\t\t<\/div>\n\t\t\t\t<div class=\"elementor-element elementor-element-ddcba7b elementor-widget elementor-widget-text-editor\" data-id=\"ddcba7b\" data-element_type=\"widget\" data-widget_type=\"text-editor.default\">\n\t\t\t\t<div class=\"elementor-widget-container\">\n\t\t\t\t\t\t\t\t\t<ul><li><strong>Prote\u00e7\u00e3o de Dados.<br \/><\/strong>a) O Interessado se compromete a colaborar com a Traive para fins de manuten\u00e7\u00e3o dos dados pessoais tratados em um ambiente seguro;<br \/><br \/>b) A Traive fica isenta de toda e qualquer responsabilidade referente a preju\u00edzos diretos ou indiretos e\/ou san\u00e7\u00f5es administrativas relacionados a incidentes de seguran\u00e7a da informa\u00e7\u00e3o que se relacionem a viola\u00e7\u00f5es de confidencialidade, integridade ou disponibilidade, que sejam ocasionados por qualquer a\u00e7\u00e3o ou omiss\u00e3o do Interessado;<\/li><\/ul>\t\t\t\t\t\t\t\t<\/div>\n\t\t\t\t<\/div>\n\t\t\t\t<div class=\"elementor-element elementor-element-b7ec9a5 elementor-widget elementor-widget-text-editor\" data-id=\"b7ec9a5\" data-element_type=\"widget\" data-widget_type=\"text-editor.default\">\n\t\t\t\t<div class=\"elementor-widget-container\">\n\t\t\t\t\t\t\t\t\t<ul><li><strong>Limita\u00e7\u00e3o de Responsabilidade da Traive e Indeniza\u00e7\u00e3o.<br \/><\/strong>a) Toda a responsabilidade da Traive e de qualquer um de seus fornecedores perante o Interessado sob qualquer disposi\u00e7\u00e3o destes Termos e Condi\u00e7\u00f5es ser\u00e1 limitada ao valor em Reais, correspondente a USD 100,00 (cem d\u00f3lares norte-americanos);<br \/><br \/>b) Na extens\u00e3o m\u00e1xima permitida pela lei aplic\u00e1vel, em nenhum caso ou hip\u00f3tese, a Traive ou seus fornecedores ser\u00e3o respons\u00e1veis por quaisquer danos especiais, incidentais ou indiretos de qualquer natureza (incluindo, mas n\u00e3o se limitando a, danos por lucros cessantes, perda de dados ou outras informa\u00e7\u00f5es, por interrup\u00e7\u00e3o de neg\u00f3cios, por danos pessoais, perda de privacidade decorrente ou de qualquer forma relacionada ao uso ou incapacidade de usar os Servi\u00e7os SaaS, software de terceiros e\/ou hardware de terceiros usado com os Servi\u00e7os SaaS, ou de outra forma em conex\u00e3o com qualquer disposi\u00e7\u00e3o destes Termos e Condi\u00e7\u00f5es);<br \/><br \/>c) Se as leis aplic\u00e1veis n\u00e3o permitirem a exclus\u00e3o de garantias impl\u00edcitas ou limita\u00e7\u00e3o de responsabilidade por danos incidentais, ou indiretos, a responsabilidade da Traive ser\u00e1 limitada na maior extens\u00e3o permitida por lei; e<br \/><br \/>d) O Interessado deve indenizar e isentar a Traive, suas afiliadas e seus respectivos funcion\u00e1rios e agentes contra qualquer perda, custo, dano ou despesa (incluindo honor\u00e1rios advocat\u00edcios e custas razo\u00e1veis) em rela\u00e7\u00e3o a qualquer reivindica\u00e7\u00e3o relacionada a (i) seus dados ou qualquer outro conte\u00fado ou materiais inseridos, armazenados ou processados por qualquer sistema da Traive em conex\u00e3o com o seu uso dos Servi\u00e7o SaaS aqui descrito, ou (ii) qualquer viola\u00e7\u00e3o pelo pr\u00f3prio Interessado destes Termos e Condi\u00e7\u00f5es.<\/li><\/ul>\t\t\t\t\t\t\t\t<\/div>\n\t\t\t\t<\/div>\n\t\t\t\t<div class=\"elementor-element elementor-element-587ecf0 elementor-widget elementor-widget-text-editor\" data-id=\"587ecf0\" data-element_type=\"widget\" data-widget_type=\"text-editor.default\">\n\t\t\t\t<div class=\"elementor-widget-container\">\n\t\t\t\t\t\t\t\t\t<ul><li><strong>Isen\u00e7\u00e3o de Responsabilidade \u201cNO ESTADO EM QUE SE ENCONTRA\u201d e \u201cCONFORME DISPON\u00cdVEL\u201d<br \/><\/strong>a) Os Servi\u00e7os SaaS s\u00e3o fornecidos a t\u00edtulo de Teste Gratuito ao Interessado \u201cNO ESTADO EM QUE SE ENCONTRAM\u201d e \u201cCONFORME DISPON\u00cdVEIS\u201d, o que inclui, portanto, todas as suas eventuais falhas e defeitos, sem garantia de qualquer tipo. Na extens\u00e3o m\u00e1xima permitida pela lei aplic\u00e1vel, a Traive, por conta pr\u00f3pria e em nome de suas afiliadas e seus respectivos licenciadores e fornecedores, isenta-se expressamente de todas as garantias, expressas, impl\u00edcitas, legais ou de outra forma, com rela\u00e7\u00e3o aos Servi\u00e7os SaaS, incluindo todas as garantias impl\u00edcitas de comercializa\u00e7\u00e3o, adequa\u00e7\u00e3o a uma finalidade espec\u00edfica, t\u00edtulo e n\u00e3o viola\u00e7\u00e3o, e garantias que podem surgir do curso de negocia\u00e7\u00e3o, curso de desempenho, uso ou pr\u00e1tica comercial. A Traive n\u00e3o fornece nenhuma garantia ou compromisso, e n\u00e3o faz nenhuma declara\u00e7\u00e3o de qualquer tipo de que os Servi\u00e7os SaaS atender\u00e3o \u00e0s necessidades do Interessado, alcan\u00e7ar\u00e3o quaisquer resultados pretendidos, ser\u00e3o compat\u00edveis ou funcionar\u00e3o com quaisquer outros softwares, aplicativos, sistemas ou servi\u00e7os, operar\u00e3o sem interrup\u00e7\u00e3o, atender\u00e3o a quaisquer padr\u00f5es de desempenho ou confiabilidade ou estar\u00e3o livres de erros ou que quaisquer erros ou defeitos poder\u00e3o ser ou ser\u00e3o corrigidos;<br \/><br \/>b) A Traive ou qualquer um de seus fornecedores n\u00e3o fazem qualquer declara\u00e7\u00e3o ou garantia de qualquer tipo, expressa ou impl\u00edcita: (i) quanto \u00e0 opera\u00e7\u00e3o ou disponibilidade dos Servi\u00e7os SaaS ou \u00e0s informa\u00e7\u00f5es, ao conte\u00fado e aos materiais ou produtos neles inclusos; (ii) que os Servi\u00e7os SaaS ser\u00e3o ininterruptos ou livres de erros; (iii) quanto \u00e0 precis\u00e3o, confiabilidade ou atualidade de qualquer informa\u00e7\u00e3o ou conte\u00fado fornecido por meio dos Servi\u00e7os SaaS; ou (iv) que os Servi\u00e7os SaaS, seus servidores, o conte\u00fado ou e-mails enviados por ou em nome da Traive est\u00e3o livres de v\u00edrus, scripts, cavalos de Tr\u00f3ia, worms, malware, bombas-rel\u00f3gio ou outros componentes prejudiciais;<br \/><br \/>c) Caso a legisla\u00e7\u00e3o aplic\u00e1vel venha a considerar o Interessado um consumidor dos Servi\u00e7os SaaS, as exclus\u00f5es e limita\u00e7\u00f5es estabelecidas nesta se\u00e7\u00e3o ser\u00e3o aplicadas na maior medida do poss\u00edvel, de acordo com a lei aplic\u00e1vel.<\/li><\/ul>\t\t\t\t\t\t\t\t<\/div>\n\t\t\t\t<\/div>\n\t\t\t\t<\/div>\n\t\t\t\t\t<\/div>\n\t\t\t\t<\/div>\n\t\t\t\t<\/div>","protected":false},"excerpt":{"rendered":"<p>\u00daltima atualiza\u00e7\u00e3o: Novembro de 2025 Anexo 1 O Anexo em quest\u00e3o \u00e9 parte integral e complementa o item 11. dos \u201cTermos e Condi\u00e7\u00f5es\u201d decorrentes do acesso e uso de QUALQUER SOFTWARE COMO SERVI\u00c7O (\u201cServi\u00e7os SaaS\u201d) e que seja disponibilizado por ou em nome da TRAIVE DO BRASIL SOLU\u00c7\u00d5ES FINANCEIRAS LTDA. \u2013 CNPJ\/MF n\u00ba 35.192.878\/0001-50 (\u201cTraive\u201d), [&hellip;]<\/p>","protected":false},"author":4,"featured_media":0,"parent":0,"menu_order":0,"comment_status":"closed","ping_status":"closed","template":"","meta":{"content-type":"","footnotes":""},"class_list":["post-5146","page","type-page","status-publish","hentry"],"yoast_head":"<!-- This site is optimized with the Yoast SEO plugin v25.6 - https:\/\/yoast.com\/wordpress\/plugins\/seo\/ -->\n<title>Termos de teste gratuitos - Traive<\/title>\n<meta name=\"robots\" content=\"index, follow, max-snippet:-1, max-image-preview:large, max-video-preview:-1\" \/>\n<link rel=\"canonical\" href=\"https:\/\/traive.com.br\/en\/termos-de-teste-gratuitos\/\" \/>\n<meta property=\"og:locale\" content=\"en_US\" \/>\n<meta property=\"og:type\" content=\"article\" \/>\n<meta property=\"og:title\" content=\"Termos de teste gratuitos - Traive\" \/>\n<meta property=\"og:description\" content=\"\u00daltima atualiza\u00e7\u00e3o: Novembro de 2025 Anexo 1 O Anexo em quest\u00e3o \u00e9 parte integral e complementa o item 11. dos \u201cTermos e Condi\u00e7\u00f5es\u201d decorrentes do acesso e uso de QUALQUER SOFTWARE COMO SERVI\u00c7O (\u201cServi\u00e7os SaaS\u201d) e que seja disponibilizado por ou em nome da TRAIVE DO BRASIL SOLU\u00c7\u00d5ES FINANCEIRAS LTDA. \u2013 CNPJ\/MF n\u00ba 35.192.878\/0001-50 (\u201cTraive\u201d), [&hellip;]\" \/>\n<meta property=\"og:url\" content=\"https:\/\/traive.com.br\/en\/termos-de-teste-gratuitos\/\" \/>\n<meta property=\"og:site_name\" content=\"Traive\" \/>\n<meta property=\"article:modified_time\" content=\"2025-07-28T18:23:42+00:00\" \/>\n<meta name=\"twitter:card\" content=\"summary_large_image\" \/>\n<meta name=\"twitter:label1\" content=\"Est. reading time\" \/>\n\t<meta name=\"twitter:data1\" content=\"8 minutes\" \/>\n<script type=\"application\/ld+json\" class=\"yoast-schema-graph\">{\"@context\":\"https:\/\/schema.org\",\"@graph\":[{\"@type\":\"WebPage\",\"@id\":\"https:\/\/traive.com.br\/termos-de-teste-gratuitos\/\",\"url\":\"https:\/\/traive.com.br\/termos-de-teste-gratuitos\/\",\"name\":\"Termos de teste gratuitos - Traive\",\"isPartOf\":{\"@id\":\"https:\/\/traive.com.br\/#website\"},\"datePublished\":\"2025-05-15T00:15:49+00:00\",\"dateModified\":\"2025-07-28T18:23:42+00:00\",\"breadcrumb\":{\"@id\":\"https:\/\/traive.com.br\/termos-de-teste-gratuitos\/#breadcrumb\"},\"inLanguage\":\"en-US\",\"potentialAction\":[{\"@type\":\"ReadAction\",\"target\":[\"https:\/\/traive.com.br\/termos-de-teste-gratuitos\/\"]}]},{\"@type\":\"BreadcrumbList\",\"@id\":\"https:\/\/traive.com.br\/termos-de-teste-gratuitos\/#breadcrumb\",\"itemListElement\":[{\"@type\":\"ListItem\",\"position\":1,\"name\":\"In\u00edcio\",\"item\":\"https:\/\/traive.com.br\/\"},{\"@type\":\"ListItem\",\"position\":2,\"name\":\"Termos de teste gratuitos\"}]},{\"@type\":\"WebSite\",\"@id\":\"https:\/\/traive.com.br\/#website\",\"url\":\"https:\/\/traive.com.br\/\",\"name\":\"Traive\",\"description\":\"O poder dos dados com intelig\u00eancia \u00fanica\",\"potentialAction\":[{\"@type\":\"SearchAction\",\"target\":{\"@type\":\"EntryPoint\",\"urlTemplate\":\"https:\/\/traive.com.br\/?s={search_term_string}\"},\"query-input\":{\"@type\":\"PropertyValueSpecification\",\"valueRequired\":true,\"valueName\":\"search_term_string\"}}],\"inLanguage\":\"en-US\"}]}<\/script>\n<!-- \/ Yoast SEO plugin. -->","yoast_head_json":{"title":"Termos de teste gratuitos - Traive","robots":{"index":"index","follow":"follow","max-snippet":"max-snippet:-1","max-image-preview":"max-image-preview:large","max-video-preview":"max-video-preview:-1"},"canonical":"https:\/\/traive.com.br\/en\/termos-de-teste-gratuitos\/","og_locale":"en_US","og_type":"article","og_title":"Termos de teste gratuitos - Traive","og_description":"\u00daltima atualiza\u00e7\u00e3o: Novembro de 2025 Anexo 1 O Anexo em quest\u00e3o \u00e9 parte integral e complementa o item 11. dos \u201cTermos e Condi\u00e7\u00f5es\u201d decorrentes do acesso e uso de QUALQUER SOFTWARE COMO SERVI\u00c7O (\u201cServi\u00e7os SaaS\u201d) e que seja disponibilizado por ou em nome da TRAIVE DO BRASIL SOLU\u00c7\u00d5ES FINANCEIRAS LTDA. \u2013 CNPJ\/MF n\u00ba 35.192.878\/0001-50 (\u201cTraive\u201d), [&hellip;]","og_url":"https:\/\/traive.com.br\/en\/termos-de-teste-gratuitos\/","og_site_name":"Traive","article_modified_time":"2025-07-28T18:23:42+00:00","twitter_card":"summary_large_image","twitter_misc":{"Est. reading time":"8 minutes"},"schema":{"@context":"https:\/\/schema.org","@graph":[{"@type":"WebPage","@id":"https:\/\/traive.com.br\/termos-de-teste-gratuitos\/","url":"https:\/\/traive.com.br\/termos-de-teste-gratuitos\/","name":"Termos de teste gratuitos - Traive","isPartOf":{"@id":"https:\/\/traive.com.br\/#website"},"datePublished":"2025-05-15T00:15:49+00:00","dateModified":"2025-07-28T18:23:42+00:00","breadcrumb":{"@id":"https:\/\/traive.com.br\/termos-de-teste-gratuitos\/#breadcrumb"},"inLanguage":"en-US","potentialAction":[{"@type":"ReadAction","target":["https:\/\/traive.com.br\/termos-de-teste-gratuitos\/"]}]},{"@type":"BreadcrumbList","@id":"https:\/\/traive.com.br\/termos-de-teste-gratuitos\/#breadcrumb","itemListElement":[{"@type":"ListItem","position":1,"name":"In\u00edcio","item":"https:\/\/traive.com.br\/"},{"@type":"ListItem","position":2,"name":"Termos de teste gratuitos"}]},{"@type":"WebSite","@id":"https:\/\/traive.com.br\/#website","url":"https:\/\/traive.com.br\/","name":"Traive","description":"O poder dos dados com intelig\u00eancia \u00fanica","potentialAction":[{"@type":"SearchAction","target":{"@type":"EntryPoint","urlTemplate":"https:\/\/traive.com.br\/?s={search_term_string}"},"query-input":{"@type":"PropertyValueSpecification","valueRequired":true,"valueName":"search_term_string"}}],"inLanguage":"en-US"}]}},"_links":{"self":[{"href":"https:\/\/traive.com.br\/en\/wp-json\/wp\/v2\/pages\/5146","targetHints":{"allow":["GET"]}}],"collection":[{"href":"https:\/\/traive.com.br\/en\/wp-json\/wp\/v2\/pages"}],"about":[{"href":"https:\/\/traive.com.br\/en\/wp-json\/wp\/v2\/types\/page"}],"author":[{"embeddable":true,"href":"https:\/\/traive.com.br\/en\/wp-json\/wp\/v2\/users\/4"}],"replies":[{"embeddable":true,"href":"https:\/\/traive.com.br\/en\/wp-json\/wp\/v2\/comments?post=5146"}],"version-history":[{"count":0,"href":"https:\/\/traive.com.br\/en\/wp-json\/wp\/v2\/pages\/5146\/revisions"}],"wp:attachment":[{"href":"https:\/\/traive.com.br\/en\/wp-json\/wp\/v2\/media?parent=5146"}],"curies":[{"name":"wp","href":"https:\/\/api.w.org\/{rel}","templated":true}]}}