{"id":6147,"date":"2025-05-30T13:47:28","date_gmt":"2025-05-30T13:47:28","guid":{"rendered":"https:\/\/traivenovosite.wpenginepowered.com\/?page_id=6147"},"modified":"2025-06-02T11:47:29","modified_gmt":"2025-06-02T11:47:29","slug":"carreiras","status":"publish","type":"page","link":"https:\/\/traive.com.br\/en\/carreiras\/","title":{"rendered":"Careers"},"content":{"rendered":"<div data-elementor-type=\"wp-page\" data-elementor-id=\"6147\" class=\"elementor elementor-6147\" data-elementor-post-type=\"page\">\n\t\t\t\t<div class=\"elementor-element elementor-element-d6b9bb0 e-flex e-con-boxed e-con e-parent\" data-id=\"d6b9bb0\" data-element_type=\"container\">\n\t\t\t\t\t<div class=\"e-con-inner\">\n\t\t<div class=\"elementor-element elementor-element-46ad47c e-con-full e-flex e-con e-child\" data-id=\"46ad47c\" data-element_type=\"container\">\n\t\t\t\t<div class=\"elementor-element elementor-element-d12f72f elementor-widget__width-initial elementor-widget elementor-widget-heading\" data-id=\"d12f72f\" data-element_type=\"widget\" data-widget_type=\"heading.default\">\n\t\t\t\t<div class=\"elementor-widget-container\">\n\t\t\t\t\t<h1 class=\"elementor-heading-title elementor-size-default\">Join Traive\u2014where innovation meets purpose.<\/h1>\t\t\t\t<\/div>\n\t\t\t\t<\/div>\n\t\t\t\t<div class=\"elementor-element elementor-element-870d467 elementor-align-center elementor-mobile-align-center elementor-widget elementor-widget-button\" data-id=\"870d467\" data-element_type=\"widget\" data-widget_type=\"button.default\">\n\t\t\t\t<div class=\"elementor-widget-container\">\n\t\t\t\t\t\t\t\t\t<div class=\"elementor-button-wrapper\">\n\t\t\t\t\t<a class=\"elementor-button elementor-button-link elementor-size-sm\" href=\"https:\/\/traive.com.br\/en\/quem-somos\/\">\n\t\t\t\t\t\t<span class=\"elementor-button-content-wrapper\">\n\t\t\t\t\t\t\t\t\t<span class=\"elementor-button-text\">Learn more about Traive<\/span>\n\t\t\t\t\t<\/span>\n\t\t\t\t\t<\/a>\n\t\t\t\t<\/div>\n\t\t\t\t\t\t\t\t<\/div>\n\t\t\t\t<\/div>\n\t\t\t\t<\/div>\n\t\t<div class=\"elementor-element elementor-element-3facb89 e-con-full e-flex e-con e-child\" data-id=\"3facb89\" data-element_type=\"container\">\n\t\t<div class=\"elementor-element elementor-element-7a8c138 e-con-full e-flex e-con e-child\" data-id=\"7a8c138\" data-element_type=\"container\">\n\t\t\t\t<div class=\"elementor-element elementor-element-0d79977 elementor-widget elementor-widget-image\" data-id=\"0d79977\" data-element_type=\"widget\" data-widget_type=\"image.default\">\n\t\t\t\t<div class=\"elementor-widget-container\">\n\t\t\t\t\t\t\t\t\t\t\t\t\t\t\t<img fetchpriority=\"high\" decoding=\"async\" width=\"800\" height=\"360\" src=\"https:\/\/traive.com.br\/wp-content\/uploads\/2025\/05\/Image.png\" class=\"attachment-large size-large wp-image-6152\" alt=\"Image\" srcset=\"https:\/\/traive.com.br\/wp-content\/uploads\/2025\/05\/Image.png 800w, https:\/\/traive.com.br\/wp-content\/uploads\/2025\/05\/Image-300x135.png 300w, https:\/\/traive.com.br\/wp-content\/uploads\/2025\/05\/Image-768x346.png 768w, https:\/\/traive.com.br\/wp-content\/uploads\/2025\/05\/Image-18x8.png 18w\" sizes=\"(max-width: 800px) 100vw, 800px\" \/>\t\t\t\t\t\t\t\t\t\t\t\t\t\t\t<\/div>\n\t\t\t\t<\/div>\n\t\t\t\t<\/div>\n\t\t<div class=\"elementor-element elementor-element-caf13b0 e-con-full e-flex e-con e-child\" data-id=\"caf13b0\" data-element_type=\"container\">\n\t\t\t\t<div class=\"elementor-element elementor-element-b7935c0 elementor-widget elementor-widget-image\" data-id=\"b7935c0\" data-element_type=\"widget\" data-widget_type=\"image.default\">\n\t\t\t\t<div class=\"elementor-widget-container\">\n\t\t\t\t\t\t\t\t\t\t\t\t\t\t\t<img decoding=\"async\" width=\"384\" height=\"360\" src=\"https:\/\/traive.com.br\/wp-content\/uploads\/2025\/05\/Image-1.png\" class=\"attachment-large size-large wp-image-6153\" alt=\"Image (1)\" srcset=\"https:\/\/traive.com.br\/wp-content\/uploads\/2025\/05\/Image-1.png 384w, https:\/\/traive.com.br\/wp-content\/uploads\/2025\/05\/Image-1-300x281.png 300w, https:\/\/traive.com.br\/wp-content\/uploads\/2025\/05\/Image-1-13x12.png 13w\" sizes=\"(max-width: 384px) 100vw, 384px\" \/>\t\t\t\t\t\t\t\t\t\t\t\t\t\t\t<\/div>\n\t\t\t\t<\/div>\n\t\t\t\t<\/div>\n\t\t\t\t<\/div>\n\t\t\t\t\t<\/div>\n\t\t\t\t<\/div>\n\t\t<div class=\"elementor-element elementor-element-b56b250 e-flex e-con-boxed e-con e-parent\" data-id=\"b56b250\" data-element_type=\"container\" data-settings=\"{&quot;background_background&quot;:&quot;classic&quot;}\">\n\t\t\t\t\t<div class=\"e-con-inner\">\n\t\t<div class=\"elementor-element elementor-element-3a2c52c e-con-full e-flex e-con e-child\" data-id=\"3a2c52c\" data-element_type=\"container\">\n\t\t\t\t<div class=\"elementor-element elementor-element-93233e2 elementor-widget__width-initial elementor-widget elementor-widget-heading\" data-id=\"93233e2\" data-element_type=\"widget\" data-widget_type=\"heading.default\">\n\t\t\t\t<div class=\"elementor-widget-container\">\n\t\t\t\t\t<h2 class=\"elementor-heading-title elementor-size-default\">Our Values<\/h2>\t\t\t\t<\/div>\n\t\t\t\t<\/div>\n\t\t\t\t<\/div>\n\t\t<div class=\"elementor-element elementor-element-eefe4a0 e-con-full e-flex e-con e-child\" data-id=\"eefe4a0\" data-element_type=\"container\">\n\t\t<div class=\"elementor-element elementor-element-c7a01fe e-con-full e-flex e-con e-child\" data-id=\"c7a01fe\" data-element_type=\"container\" data-settings=\"{&quot;background_background&quot;:&quot;classic&quot;}\">\n\t\t<div class=\"elementor-element elementor-element-e225fb0 e-con-full e-flex e-con e-child\" data-id=\"e225fb0\" data-element_type=\"container\">\n\t\t\t\t<div class=\"elementor-element elementor-element-0503ed6 elementor-widget elementor-widget-heading\" data-id=\"0503ed6\" data-element_type=\"widget\" data-widget_type=\"heading.default\">\n\t\t\t\t<div class=\"elementor-widget-container\">\n\t\t\t\t\t<h3 class=\"elementor-heading-title elementor-size-default\">Hustle with Heart<\/h3>\t\t\t\t<\/div>\n\t\t\t\t<\/div>\n\t\t\t\t<div class=\"elementor-element elementor-element-85fa99e elementor-widget__width-initial elementor-widget elementor-widget-text-editor\" data-id=\"85fa99e\" data-element_type=\"widget\" data-widget_type=\"text-editor.default\">\n\t\t\t\t<div class=\"elementor-widget-container\">\n\t\t\t\t\t\t\t\t\t<p>Here, it's about more than results\u2014we seek meaning. Every challenge is an opportunity to innovate and make a difference with passion and precision. We\u2019re transforming both agribusiness and finance with intelligence and data that matter.<\/p>\t\t\t\t\t\t\t\t<\/div>\n\t\t\t\t<\/div>\n\t\t\t\t<\/div>\n\t\t<div class=\"elementor-element elementor-element-b6a0908 e-con-full e-flex e-con e-child\" data-id=\"b6a0908\" data-element_type=\"container\" data-settings=\"{&quot;background_background&quot;:&quot;classic&quot;}\">\n\t\t\t\t<\/div>\n\t\t\t\t<\/div>\n\t\t<div class=\"elementor-element elementor-element-bdaf7a3 e-con-full e-flex e-con e-child\" data-id=\"bdaf7a3\" data-element_type=\"container\" data-settings=\"{&quot;background_background&quot;:&quot;classic&quot;}\">\n\t\t\t\t<div class=\"elementor-element elementor-element-25b0142 elementor-widget elementor-widget-heading\" data-id=\"25b0142\" data-element_type=\"widget\" data-widget_type=\"heading.default\">\n\t\t\t\t<div class=\"elementor-widget-container\">\n\t\t\t\t\t<h3 class=\"elementor-heading-title elementor-size-default\">Unity &gt; Ego, Honor &gt; Gain<\/h3>\t\t\t\t<\/div>\n\t\t\t\t<\/div>\n\t\t\t\t<div class=\"elementor-element elementor-element-f2eb14c elementor-widget__width-initial elementor-widget elementor-widget-text-editor\" data-id=\"f2eb14c\" data-element_type=\"widget\" data-widget_type=\"text-editor.default\">\n\t\t\t\t<div class=\"elementor-widget-container\">\n\t\t\t\t\t\t\t\t\t<p>We know that real strength comes from unity. That\u2019s why we set egos aside and prioritize the common good over individual gain. Our unshakable values bring us together and shape the future of agribusiness and financial markets.<\/p>\t\t\t\t\t\t\t\t<\/div>\n\t\t\t\t<\/div>\n\t\t\t\t<\/div>\n\t\t\t\t<\/div>\n\t\t<div class=\"elementor-element elementor-element-2e171a9 e-con-full e-flex e-con e-child\" data-id=\"2e171a9\" data-element_type=\"container\">\n\t\t<div class=\"elementor-element elementor-element-075639c e-con-full e-flex e-con e-child\" data-id=\"075639c\" data-element_type=\"container\" data-settings=\"{&quot;background_background&quot;:&quot;classic&quot;}\">\n\t\t<div class=\"elementor-element elementor-element-67086a9 e-con-full e-flex e-con e-child\" data-id=\"67086a9\" data-element_type=\"container\">\n\t\t\t\t<div class=\"elementor-element elementor-element-d5968f6 elementor-widget elementor-widget-heading\" data-id=\"d5968f6\" data-element_type=\"widget\" data-widget_type=\"heading.default\">\n\t\t\t\t<div class=\"elementor-widget-container\">\n\t\t\t\t\t<h3 class=\"elementor-heading-title elementor-size-default\">Innovate or Evaporate<\/h3>\t\t\t\t<\/div>\n\t\t\t\t<\/div>\n\t\t\t\t<div class=\"elementor-element elementor-element-135a7f4 elementor-widget__width-initial elementor-widget elementor-widget-text-editor\" data-id=\"135a7f4\" data-element_type=\"widget\" data-widget_type=\"text-editor.default\">\n\t\t\t\t<div class=\"elementor-widget-container\">\n\t\t\t\t\t\t\t\t\t<p>There\u2019s no room for the status quo here. Every day, we challenge it to make an impact. If you\u2019re driven by innovation, if you want to transform the world, if the future is your battlefield\u2014Traive is your place.<\/p>\t\t\t\t\t\t\t\t<\/div>\n\t\t\t\t<\/div>\n\t\t\t\t<\/div>\n\t\t<div class=\"elementor-element elementor-element-248ae1c e-con-full e-flex e-con e-child\" data-id=\"248ae1c\" data-element_type=\"container\" data-settings=\"{&quot;background_background&quot;:&quot;classic&quot;}\">\n\t\t\t\t<\/div>\n\t\t\t\t<\/div>\n\t\t<div class=\"elementor-element elementor-element-26106de e-con-full e-flex e-con e-child\" data-id=\"26106de\" data-element_type=\"container\" data-settings=\"{&quot;background_background&quot;:&quot;classic&quot;}\">\n\t\t\t\t<div class=\"elementor-element elementor-element-ebc9087 elementor-widget elementor-widget-heading\" data-id=\"ebc9087\" data-element_type=\"widget\" data-widget_type=\"heading.default\">\n\t\t\t\t<div class=\"elementor-widget-container\">\n\t\t\t\t\t<h3 class=\"elementor-heading-title elementor-size-default\">Capital, Crops &amp; Code<\/h3>\t\t\t\t<\/div>\n\t\t\t\t<\/div>\n\t\t\t\t<div class=\"elementor-element elementor-element-973a58b elementor-widget__width-initial elementor-widget elementor-widget-text-editor\" data-id=\"973a58b\" data-element_type=\"widget\" data-widget_type=\"text-editor.default\">\n\t\t\t\t<div class=\"elementor-widget-container\">\n\t\t\t\t\t\t\t\t\t<p>To us, winning doesn't mean cutting corners. With full commitment and no tricks, we do things the right way\u2014always. Every decision is strategic, every action reflects our dedication to a better future.<\/p>\t\t\t\t\t\t\t\t<\/div>\n\t\t\t\t<\/div>\n\t\t\t\t<\/div>\n\t\t\t\t<\/div>\n\t\t\t\t\t<\/div>\n\t\t\t\t<\/div>\n\t\t<div class=\"elementor-element elementor-element-201a532 e-flex e-con-boxed e-con e-parent\" data-id=\"201a532\" data-element_type=\"container\" data-settings=\"{&quot;background_background&quot;:&quot;classic&quot;}\">\n\t\t\t\t\t<div class=\"e-con-inner\">\n\t\t<div class=\"elementor-element elementor-element-783247e e-con-full e-flex e-con e-child\" data-id=\"783247e\" data-element_type=\"container\">\n\t\t<div class=\"elementor-element elementor-element-05583ab e-con-full e-flex e-con e-child\" data-id=\"05583ab\" data-element_type=\"container\">\n\t\t\t\t<div class=\"elementor-element elementor-element-f4fc971 elementor-widget__width-initial elementor-widget elementor-widget-heading\" data-id=\"f4fc971\" data-element_type=\"widget\" data-widget_type=\"heading.default\">\n\t\t\t\t<div class=\"elementor-widget-container\">\n\t\t\t\t\t<h2 class=\"elementor-heading-title elementor-size-default\">Transform the Market. Transform Your Career.<\/h2>\t\t\t\t<\/div>\n\t\t\t\t<\/div>\n\t\t\t\t<div class=\"elementor-element elementor-element-b142408 elementor-widget__width-initial elementor-widget elementor-widget-text-editor\" data-id=\"b142408\" data-element_type=\"widget\" data-widget_type=\"text-editor.default\">\n\t\t\t\t<div class=\"elementor-widget-container\">\n\t\t\t\t\t\t\t\t\t<p>If you have the courage to think differently, act with purpose and dream big, Traive is the right place for you. Join us and help build a smarter and more connected future for agriculture. Transform the Market. Transform Your Career.\u00a0<br \/>Let\u2019s build a more prosperous future\u2014together.<\/p>\t\t\t\t\t\t\t\t<\/div>\n\t\t\t\t<\/div>\n\t\t\t\t<div class=\"elementor-element elementor-element-6335c6e elementor-align-left elementor-mobile-align-left elementor-widget elementor-widget-button\" data-id=\"6335c6e\" data-element_type=\"widget\" data-widget_type=\"button.default\">\n\t\t\t\t<div class=\"elementor-widget-container\">\n\t\t\t\t\t\t\t\t\t<div class=\"elementor-button-wrapper\">\n\t\t\t\t\t<a class=\"elementor-button elementor-button-link elementor-size-sm\" href=\"https:\/\/traivecareers.rippling-ats.com\/\" target=\"_blank\">\n\t\t\t\t\t\t<span class=\"elementor-button-content-wrapper\">\n\t\t\t\t\t\t\t\t\t<span class=\"elementor-button-text\">Open positions<\/span>\n\t\t\t\t\t<\/span>\n\t\t\t\t\t<\/a>\n\t\t\t\t<\/div>\n\t\t\t\t\t\t\t\t<\/div>\n\t\t\t\t<\/div>\n\t\t\t\t<\/div>\n\t\t\t\t<\/div>\n\t\t<div class=\"elementor-element elementor-element-befd131 e-con-full e-flex e-con e-child\" data-id=\"befd131\" data-element_type=\"container\">\n\t\t\t\t<div class=\"elementor-element elementor-element-4b1c121 elementor-widget elementor-widget-image\" data-id=\"4b1c121\" data-element_type=\"widget\" data-widget_type=\"image.default\">\n\t\t\t\t<div class=\"elementor-widget-container\">\n\t\t\t\t\t\t\t\t\t\t\t\t\t\t\t<img decoding=\"async\" width=\"592\" height=\"489\" src=\"https:\/\/traive.com.br\/wp-content\/uploads\/2025\/05\/Group-1321314761.png\" class=\"attachment-full size-full wp-image-6160\" alt=\"Group 1321314761\" srcset=\"https:\/\/traive.com.br\/wp-content\/uploads\/2025\/05\/Group-1321314761.png 592w, https:\/\/traive.com.br\/wp-content\/uploads\/2025\/05\/Group-1321314761-300x248.png 300w, https:\/\/traive.com.br\/wp-content\/uploads\/2025\/05\/Group-1321314761-15x12.png 15w\" sizes=\"(max-width: 592px) 100vw, 592px\" \/>\t\t\t\t\t\t\t\t\t\t\t\t\t\t\t<\/div>\n\t\t\t\t<\/div>\n\t\t\t\t<\/div>\n\t\t\t\t\t<\/div>\n\t\t\t\t<\/div>\n\t\t\t\t<\/div>","protected":false},"excerpt":{"rendered":"<p>Junte-se \u00e0 Traive, onde a inova\u00e7\u00e3o encontra o prop\u00f3sito Saiba mais sobre a Traive Os princ\u00edpios que guiam tudo o que fazemos Hustle with Heart Aqui, mais do que resultados, buscamos significado. Cada desafio \u00e9 uma oportunidade de inovar, de fazer a diferen\u00e7a com paix\u00e3o e precis\u00e3o. Trabalhamos para transformar o setor agro e financeiro [&hellip;]<\/p>","protected":false},"author":4,"featured_media":0,"parent":0,"menu_order":0,"comment_status":"closed","ping_status":"closed","template":"","meta":{"content-type":"","footnotes":""},"class_list":["post-6147","page","type-page","status-publish","hentry"],"yoast_head":"<!-- This site is optimized with the Yoast SEO plugin v25.6 - https:\/\/yoast.com\/wordpress\/plugins\/seo\/ -->\n<title>Carreiras - Traive<\/title>\n<meta name=\"robots\" content=\"index, follow, max-snippet:-1, max-image-preview:large, max-video-preview:-1\" \/>\n<link rel=\"canonical\" href=\"https:\/\/traive.com.br\/en\/carreiras\/\" \/>\n<meta property=\"og:locale\" content=\"en_US\" \/>\n<meta property=\"og:type\" content=\"article\" \/>\n<meta property=\"og:title\" content=\"Carreiras - Traive\" \/>\n<meta property=\"og:description\" content=\"Junte-se \u00e0 Traive, onde a inova\u00e7\u00e3o encontra o prop\u00f3sito Saiba mais sobre a Traive Os princ\u00edpios que guiam tudo o que fazemos Hustle with Heart Aqui, mais do que resultados, buscamos significado. Cada desafio \u00e9 uma oportunidade de inovar, de fazer a diferen\u00e7a com paix\u00e3o e precis\u00e3o. Trabalhamos para transformar o setor agro e financeiro [&hellip;]\" \/>\n<meta property=\"og:url\" content=\"https:\/\/traive.com.br\/en\/carreiras\/\" \/>\n<meta property=\"og:site_name\" content=\"Traive\" \/>\n<meta property=\"article:modified_time\" content=\"2025-06-02T11:47:29+00:00\" \/>\n<meta property=\"og:image\" content=\"https:\/\/traivenovosite.wpenginepowered.com\/wp-content\/uploads\/2025\/05\/Image.png\" \/>\n<meta name=\"twitter:card\" content=\"summary_large_image\" \/>\n<meta name=\"twitter:label1\" content=\"Est. reading time\" \/>\n\t<meta name=\"twitter:data1\" content=\"2 minutes\" \/>\n<script type=\"application\/ld+json\" class=\"yoast-schema-graph\">{\"@context\":\"https:\/\/schema.org\",\"@graph\":[{\"@type\":\"WebPage\",\"@id\":\"https:\/\/traive.com.br\/carreiras\/\",\"url\":\"https:\/\/traive.com.br\/carreiras\/\",\"name\":\"Carreiras - Traive\",\"isPartOf\":{\"@id\":\"https:\/\/traive.com.br\/#website\"},\"primaryImageOfPage\":{\"@id\":\"https:\/\/traive.com.br\/carreiras\/#primaryimage\"},\"image\":{\"@id\":\"https:\/\/traive.com.br\/carreiras\/#primaryimage\"},\"thumbnailUrl\":\"https:\/\/traivenovosite.wpenginepowered.com\/wp-content\/uploads\/2025\/05\/Image.png\",\"datePublished\":\"2025-05-30T13:47:28+00:00\",\"dateModified\":\"2025-06-02T11:47:29+00:00\",\"breadcrumb\":{\"@id\":\"https:\/\/traive.com.br\/carreiras\/#breadcrumb\"},\"inLanguage\":\"en-US\",\"potentialAction\":[{\"@type\":\"ReadAction\",\"target\":[\"https:\/\/traive.com.br\/carreiras\/\"]}]},{\"@type\":\"ImageObject\",\"inLanguage\":\"en-US\",\"@id\":\"https:\/\/traive.com.br\/carreiras\/#primaryimage\",\"url\":\"https:\/\/traivenovosite.wpenginepowered.com\/wp-content\/uploads\/2025\/05\/Image.png\",\"contentUrl\":\"https:\/\/traivenovosite.wpenginepowered.com\/wp-content\/uploads\/2025\/05\/Image.png\"},{\"@type\":\"BreadcrumbList\",\"@id\":\"https:\/\/traive.com.br\/carreiras\/#breadcrumb\",\"itemListElement\":[{\"@type\":\"ListItem\",\"position\":1,\"name\":\"In\u00edcio\",\"item\":\"https:\/\/traive.com.br\/\"},{\"@type\":\"ListItem\",\"position\":2,\"name\":\"Carreiras\"}]},{\"@type\":\"WebSite\",\"@id\":\"https:\/\/traive.com.br\/#website\",\"url\":\"https:\/\/traive.com.br\/\",\"name\":\"Traive\",\"description\":\"O poder dos dados com intelig\u00eancia \u00fanica\",\"potentialAction\":[{\"@type\":\"SearchAction\",\"target\":{\"@type\":\"EntryPoint\",\"urlTemplate\":\"https:\/\/traive.com.br\/?s={search_term_string}\"},\"query-input\":{\"@type\":\"PropertyValueSpecification\",\"valueRequired\":true,\"valueName\":\"search_term_string\"}}],\"inLanguage\":\"en-US\"}]}<\/script>\n<!-- \/ Yoast SEO plugin. -->","yoast_head_json":{"title":"Carreiras - Traive","robots":{"index":"index","follow":"follow","max-snippet":"max-snippet:-1","max-image-preview":"max-image-preview:large","max-video-preview":"max-video-preview:-1"},"canonical":"https:\/\/traive.com.br\/en\/carreiras\/","og_locale":"en_US","og_type":"article","og_title":"Carreiras - Traive","og_description":"Junte-se \u00e0 Traive, onde a inova\u00e7\u00e3o encontra o prop\u00f3sito Saiba mais sobre a Traive Os princ\u00edpios que guiam tudo o que fazemos Hustle with Heart Aqui, mais do que resultados, buscamos significado. Cada desafio \u00e9 uma oportunidade de inovar, de fazer a diferen\u00e7a com paix\u00e3o e precis\u00e3o. Trabalhamos para transformar o setor agro e financeiro [&hellip;]","og_url":"https:\/\/traive.com.br\/en\/carreiras\/","og_site_name":"Traive","article_modified_time":"2025-06-02T11:47:29+00:00","og_image":[{"url":"https:\/\/traivenovosite.wpenginepowered.com\/wp-content\/uploads\/2025\/05\/Image.png","type":"","width":"","height":""}],"twitter_card":"summary_large_image","twitter_misc":{"Est. reading time":"2 minutes"},"schema":{"@context":"https:\/\/schema.org","@graph":[{"@type":"WebPage","@id":"https:\/\/traive.com.br\/carreiras\/","url":"https:\/\/traive.com.br\/carreiras\/","name":"Carreiras - Traive","isPartOf":{"@id":"https:\/\/traive.com.br\/#website"},"primaryImageOfPage":{"@id":"https:\/\/traive.com.br\/carreiras\/#primaryimage"},"image":{"@id":"https:\/\/traive.com.br\/carreiras\/#primaryimage"},"thumbnailUrl":"https:\/\/traivenovosite.wpenginepowered.com\/wp-content\/uploads\/2025\/05\/Image.png","datePublished":"2025-05-30T13:47:28+00:00","dateModified":"2025-06-02T11:47:29+00:00","breadcrumb":{"@id":"https:\/\/traive.com.br\/carreiras\/#breadcrumb"},"inLanguage":"en-US","potentialAction":[{"@type":"ReadAction","target":["https:\/\/traive.com.br\/carreiras\/"]}]},{"@type":"ImageObject","inLanguage":"en-US","@id":"https:\/\/traive.com.br\/carreiras\/#primaryimage","url":"https:\/\/traivenovosite.wpenginepowered.com\/wp-content\/uploads\/2025\/05\/Image.png","contentUrl":"https:\/\/traivenovosite.wpenginepowered.com\/wp-content\/uploads\/2025\/05\/Image.png"},{"@type":"BreadcrumbList","@id":"https:\/\/traive.com.br\/carreiras\/#breadcrumb","itemListElement":[{"@type":"ListItem","position":1,"name":"In\u00edcio","item":"https:\/\/traive.com.br\/"},{"@type":"ListItem","position":2,"name":"Carreiras"}]},{"@type":"WebSite","@id":"https:\/\/traive.com.br\/#website","url":"https:\/\/traive.com.br\/","name":"Traive","description":"O poder dos dados com intelig\u00eancia \u00fanica","potentialAction":[{"@type":"SearchAction","target":{"@type":"EntryPoint","urlTemplate":"https:\/\/traive.com.br\/?s={search_term_string}"},"query-input":{"@type":"PropertyValueSpecification","valueRequired":true,"valueName":"search_term_string"}}],"inLanguage":"en-US"}]}},"_links":{"self":[{"href":"https:\/\/traive.com.br\/en\/wp-json\/wp\/v2\/pages\/6147","targetHints":{"allow":["GET"]}}],"collection":[{"href":"https:\/\/traive.com.br\/en\/wp-json\/wp\/v2\/pages"}],"about":[{"href":"https:\/\/traive.com.br\/en\/wp-json\/wp\/v2\/types\/page"}],"author":[{"embeddable":true,"href":"https:\/\/traive.com.br\/en\/wp-json\/wp\/v2\/users\/4"}],"replies":[{"embeddable":true,"href":"https:\/\/traive.com.br\/en\/wp-json\/wp\/v2\/comments?post=6147"}],"version-history":[{"count":0,"href":"https:\/\/traive.com.br\/en\/wp-json\/wp\/v2\/pages\/6147\/revisions"}],"wp:attachment":[{"href":"https:\/\/traive.com.br\/en\/wp-json\/wp\/v2\/media?parent=6147"}],"curies":[{"name":"wp","href":"https:\/\/api.w.org\/{rel}","templated":true}]}}